{"id":19,"date":"2017-10-31T10:17:04","date_gmt":"2017-10-31T10:17:04","guid":{"rendered":"http:\/\/filmpakk.csgyk.hu\/?page_id=19"},"modified":"2018-01-08T14:12:36","modified_gmt":"2018-01-08T14:12:36","slug":"koszonto","status":"publish","type":"page","link":"https:\/\/filmpakk.csgyk.hu\/","title":{"rendered":"Kezd\u0151lap &#8211; K\u00f6sz\u00f6nt\u0151"},"content":{"rendered":"<p>A Nemzeti Kultur\u00e1lis Alap p\u00e1ly\u00e1zati t\u00e1mogat\u00e1s\u00e1nak k\u00f6sz\u00f6nhet\u0151en a Csorba Gy\u0151z\u0151 K\u00f6nyvt\u00e1r \u00faj szolg\u00e1ltat\u00e1si csomaggal eg\u00e9sz\u00edtette ki az orsz\u00e1gszerte n\u00e9pszer\u0171 K\u00f6nyvt\u00e1rMozi programot.<\/p>\n<p><strong>MI AZ A FILMPAKK?<\/strong><\/p>\n<p>A FilmPakk olyan dokumentum-csomag, amely a Nemzeti Audiovizu\u00e1lis Arch\u00edvum\u00e1b\u00f3l v\u00e1logatott n\u00e9pszer\u0171 anim\u00e1ci\u00f3s \u00e9s j\u00e1t\u00e9kfilmekhez k\u00edn\u00e1l tematikus seg\u00e9dletet K\u00f6nyvt\u00e1rMozi foglalkoz\u00e1sok megtart\u00e1s\u00e1hoz.<\/p>\n<p>A csomagban tal\u00e1lhat\u00f3 dokumentumokkal c\u00e9lunk \u2013 a magyar filmkult\u00fara kiemelked\u0151 \u00e9rt\u00e9keinek megismertet\u00e9se mellett \u2013 az olvas\u00e1s n\u00e9pszer\u0171s\u00edt\u00e9se a n\u00e9z\u0151k\u00f6z\u00f6ns\u00e9g \u00e9letkor\u00e1nak megfelel\u0151 k\u00edn\u00e1lattal.<\/p>\n<p>A FilmPakkokkal els\u0151sorban a K\u00f6nyvt\u00e1rMozikat m\u0171k\u00f6dtet\u0151 k\u00f6nyvt\u00e1rosok munk\u00e1j\u00e1t szeretn\u00e9nk seg\u00edteni, programjaikat gazdag\u00edtani, de j\u00f3 sz\u00edvvel aj\u00e1nljuk minden szolg\u00e1ltat\u00f3hely munkat\u00e1rs\u00e1nak\u00a0 \u00e9s pedag\u00f3gusoknak is. A gondosan \u00f6ssze\u00e1ll\u00edtott\u00a0 dokumentumok\u00a0 egyr\u00e9szt\u00a0 hasznos \u00f6tletekkel szolg\u00e1lnak a felk\u00e9sz\u00fcl\u00e9shez, a film\u00e9lm\u00e9ny\u00a0 k\u00f6z\u00f6s feldolgoz\u00e1s\u00e1hoz, elm\u00e9ly\u00edt\u00e9s\u00e9hez, m\u00e1sr\u00e9szt a felfedez\u00e9s \u00f6r\u00f6m\u00e9t ny\u00fajthatj\u00e1k felkeltve az \u00e9rdekl\u0151d\u00e9st a tov\u00e1bbi kutat\u00e1s, olvas\u00e1s ir\u00e1nt.<\/p>\n<p>A pakkok sz\u00e1mos lehet\u0151s\u00e9get k\u00edn\u00e1lnak egy-egy t\u00e9ma feldolgoz\u00e1s\u00e1ra. A foglalkoz\u00e1sok eredm\u00e9nyess\u00e9g\u00e9hez az \u00fatmutat\u00f3 f\u00fczetek is hozz\u00e1j\u00e1rulnak\u00a0 \u00a0j\u00e1t\u00e9kokat, kreat\u00edv \u00e9s k\u00e9zm\u0171ves \u00f6tleteket k\u00edn\u00e1lva az aktu\u00e1lis \u201emozig\u00e9p\u00e9sznek&#8221;. A csomagban tal\u00e1lhat\u00f3 dokumentumokat az olvas\u00f3k a telep\u00fcl\u00e9sen k\u00f6lcs\u00f6n\u00f6zhetik.<\/p>\n<p><strong>A szolg\u00e1ltat\u00e1s ingyenes!<\/strong><\/p>\n<p><img loading=\"lazy\" decoding=\"async\" class=\" wp-image-282 aligncenter\" src=\"http:\/\/filmpakk.csgyk.hu\/wp-content\/uploads\/2017\/12\/MG_3954-300x290.jpg\" alt=\"\" width=\"332\" height=\"321\" srcset=\"https:\/\/filmpakk.csgyk.hu\/wp-content\/uploads\/2017\/12\/MG_3954-300x290.jpg 300w, https:\/\/filmpakk.csgyk.hu\/wp-content\/uploads\/2017\/12\/MG_3954-768x741.jpg 768w, https:\/\/filmpakk.csgyk.hu\/wp-content\/uploads\/2017\/12\/MG_3954-800x772.jpg 800w, https:\/\/filmpakk.csgyk.hu\/wp-content\/uploads\/2017\/12\/MG_3954.jpg 1261w\" sizes=\"auto, (max-width: 332px) 100vw, 332px\" \/><\/p>\n","protected":false},"excerpt":{"rendered":"<p>A Nemzeti Kultur\u00e1lis Alap p\u00e1ly\u00e1zati t\u00e1mogat\u00e1s\u00e1nak k\u00f6sz\u00f6nhet\u0151en a Csorba Gy\u0151z\u0151 K\u00f6nyvt\u00e1r \u00faj szolg\u00e1ltat\u00e1si csomaggal eg\u00e9sz\u00edtette ki az orsz\u00e1gszerte n\u00e9pszer\u0171 K\u00f6nyvt\u00e1rMozi programot. MI AZ A FILMPAKK? A FilmPakk olyan dokumentum-csomag, amely a Nemzeti Audiovizu\u00e1lis Arch\u00edvum\u00e1b\u00f3l v\u00e1logatott n\u00e9pszer\u0171 anim\u00e1ci\u00f3s \u00e9s j\u00e1t\u00e9kfilmekhez k\u00edn\u00e1l tematikus seg\u00e9dletet K\u00f6nyvt\u00e1rMozi foglalkoz\u00e1sok megtart\u00e1s\u00e1hoz. A csomagban tal\u00e1lhat\u00f3 dokumentumokkal c\u00e9lunk \u2013 a magyar filmkult\u00fara kiemelked\u0151 [&hellip;]<\/p>\n","protected":false},"author":1,"featured_media":0,"parent":0,"menu_order":0,"comment_status":"closed","ping_status":"closed","template":"","meta":{"_acf_changed":false,"jetpack_post_was_ever_published":false,"footnotes":""},"class_list":["post-19","page","type-page","status-publish","hentry"],"acf":[],"jetpack_sharing_enabled":true,"jetpack_shortlink":"https:\/\/wp.me\/P9kJ1H-j","_links":{"self":[{"href":"https:\/\/filmpakk.csgyk.hu\/index.php\/wp-json\/wp\/v2\/pages\/19","targetHints":{"allow":["GET"]}}],"collection":[{"href":"https:\/\/filmpakk.csgyk.hu\/index.php\/wp-json\/wp\/v2\/pages"}],"about":[{"href":"https:\/\/filmpakk.csgyk.hu\/index.php\/wp-json\/wp\/v2\/types\/page"}],"author":[{"embeddable":true,"href":"https:\/\/filmpakk.csgyk.hu\/index.php\/wp-json\/wp\/v2\/users\/1"}],"replies":[{"embeddable":true,"href":"https:\/\/filmpakk.csgyk.hu\/index.php\/wp-json\/wp\/v2\/comments?post=19"}],"version-history":[{"count":7,"href":"https:\/\/filmpakk.csgyk.hu\/index.php\/wp-json\/wp\/v2\/pages\/19\/revisions"}],"predecessor-version":[{"id":307,"href":"https:\/\/filmpakk.csgyk.hu\/index.php\/wp-json\/wp\/v2\/pages\/19\/revisions\/307"}],"wp:attachment":[{"href":"https:\/\/filmpakk.csgyk.hu\/index.php\/wp-json\/wp\/v2\/media?parent=19"}],"curies":[{"name":"wp","href":"https:\/\/api.w.org\/{rel}","templated":true}]}}