{"id":21,"date":"2017-10-31T10:19:13","date_gmt":"2017-10-31T10:19:13","guid":{"rendered":"http:\/\/filmpakk.csgyk.hu\/?page_id=21"},"modified":"2024-03-13T10:05:05","modified_gmt":"2024-03-13T10:05:05","slug":"impresszum","status":"publish","type":"page","link":"https:\/\/filmpakk.csgyk.hu\/index.php\/impresszum\/","title":{"rendered":"Impresszum"},"content":{"rendered":"<p>Kiadja a Csorba Gy\u0151z\u0151 K\u00f6nyvt\u00e1r.<\/p>\n<p><strong>Felel\u0151s kiad\u00f3:<\/strong><br \/>\nMiszler Tam\u00e1s<\/p>\n<p><strong>Felel\u0151s szerkeszt\u0151:<\/strong><br \/>\nPajor Zs\u00f3fia<\/p>\n<p><acronym title=\"A weboldalt T\u00edm\u00e1r Bence (CSGYK) tervezte \u00e9s k\u00e9sz\u00edtette el Tioreo webelemei alapj\u00e1n.\"><strong>Webmester \u00e9s technikai hibabejelent\u00e9s:<\/strong><br \/>\nUrvald P\u00e9ter<br \/>\nurvald.peter@csgyk.hu<\/acronym><\/p>\n<p><strong>Kapcsolat:<\/strong><br \/>\nCsorba Gy\u0151z\u0151 K\u00f6nyvt\u00e1r<br \/>\nD\u00e9l-dun\u00e1nt\u00fali Region\u00e1lis K\u00f6nyvt\u00e1r \u00e9s Tud\u00e1sk\u00f6zpont<br \/>\n7622 P\u00e9cs, Universitas u. 2\/A.<br \/>\nTelefon: 72\/501-690<br \/>\n<a href=\"http:\/\/www.csgyk.hu\/\">www.csgyk.hu<\/a><\/p>\n","protected":false},"excerpt":{"rendered":"<p>Kiadja a Csorba Gy\u0151z\u0151 K\u00f6nyvt\u00e1r. Felel\u0151s kiad\u00f3: Miszler Tam\u00e1s Felel\u0151s szerkeszt\u0151: Pajor Zs\u00f3fia Webmester \u00e9s technikai hibabejelent\u00e9s: Urvald P\u00e9ter urvald.peter@csgyk.hu Kapcsolat: Csorba Gy\u0151z\u0151 K\u00f6nyvt\u00e1r D\u00e9l-dun\u00e1nt\u00fali Region\u00e1lis K\u00f6nyvt\u00e1r \u00e9s Tud\u00e1sk\u00f6zpont 7622 P\u00e9cs, Universitas u. 2\/A. Telefon: 72\/501-690 www.csgyk.hu<\/p>\n","protected":false},"author":1,"featured_media":0,"parent":0,"menu_order":0,"comment_status":"closed","ping_status":"closed","template":"","meta":{"_acf_changed":false,"jetpack_post_was_ever_published":false,"footnotes":""},"class_list":["post-21","page","type-page","status-publish","hentry"],"acf":[],"jetpack_sharing_enabled":true,"jetpack_shortlink":"https:\/\/wp.me\/P9kJ1H-l","_links":{"self":[{"href":"https:\/\/filmpakk.csgyk.hu\/index.php\/wp-json\/wp\/v2\/pages\/21","targetHints":{"allow":["GET"]}}],"collection":[{"href":"https:\/\/filmpakk.csgyk.hu\/index.php\/wp-json\/wp\/v2\/pages"}],"about":[{"href":"https:\/\/filmpakk.csgyk.hu\/index.php\/wp-json\/wp\/v2\/types\/page"}],"author":[{"embeddable":true,"href":"https:\/\/filmpakk.csgyk.hu\/index.php\/wp-json\/wp\/v2\/users\/1"}],"replies":[{"embeddable":true,"href":"https:\/\/filmpakk.csgyk.hu\/index.php\/wp-json\/wp\/v2\/comments?post=21"}],"version-history":[{"count":6,"href":"https:\/\/filmpakk.csgyk.hu\/index.php\/wp-json\/wp\/v2\/pages\/21\/revisions"}],"predecessor-version":[{"id":559,"href":"https:\/\/filmpakk.csgyk.hu\/index.php\/wp-json\/wp\/v2\/pages\/21\/revisions\/559"}],"wp:attachment":[{"href":"https:\/\/filmpakk.csgyk.hu\/index.php\/wp-json\/wp\/v2\/media?parent=21"}],"curies":[{"name":"wp","href":"https:\/\/api.w.org\/{rel}","templated":true}]}}