{"id":24,"date":"2017-10-31T10:22:23","date_gmt":"2017-10-31T10:22:23","guid":{"rendered":"http:\/\/filmpakk.csgyk.hu\/?page_id=24"},"modified":"2018-02-23T11:06:06","modified_gmt":"2018-02-23T11:06:06","slug":"a-kolcsonzes-feltetelei","status":"publish","type":"page","link":"https:\/\/filmpakk.csgyk.hu\/index.php\/a-kolcsonzes-feltetelei\/","title":{"rendered":"A k\u00f6lcs\u00f6nz\u00e9s felt\u00e9telei"},"content":{"rendered":"<ul>\n<li>FilmPakk ig\u00e9nyl\u00e9s\u00e9t \u2013 amelyet a vet\u00edt\u00e9s el\u0151tt legal\u00e1bb 3 h\u00e9ttel kell leadni \u2013 a <strong>filmpakk@csgyk.hu<\/strong> e-mail c\u00edmen v\u00e1rjuk.<\/li>\n<li>A dokumentumok k\u00f6nnyen hordozhat\u00f3 m\u0171anyag dobozban sz\u00e1ll\u00edthat\u00f3ak.<\/li>\n<li>A k\u00f6lcs\u00f6nz\u00e9s\/let\u00e9tbe helyez\u00e9s ideje a kisz\u00e1ll\u00edt\u00e1s napj\u00e1t\u00f3l sz\u00e1m\u00edtott 5 h\u00e9t, amely \u00e1tad\u00e1s-\u00e1tv\u00e9teli jegyz\u0151k\u00f6nyv al\u00e1\u00edr\u00e1s\u00e1val t\u00f6rt\u00e9nik \u00e9s egyszeri alkalommal <strong>hosszabb\u00edthat\u00f3<\/strong> a fenti e-mail c\u00edmre \u00edrt k\u00e9r\u00e9ssel.<\/li>\n<li>A visszav\u00e9telt a dobozok fedel\u00e9re r\u00f6gz\u00edtett dokumentumlista \u00e9s\u00a0 az azonos\u00edt\u00e1st seg\u00edt\u0151\u00a0 \u2013 minden dokumentumra r\u00e1ragasztott \u2013 K\u00f6nyvt\u00e1rMozi matrica seg\u00edti.<\/li>\n<li>A pakk sz\u00e1ll\u00edt\u00e1s\u00e1t a k\u00f6nyvt\u00e1r biztos\u00edtja.<\/li>\n<li>A pakkok mellett k\u00f6nyvt\u00e1ri foglalkoz\u00e1sra is ig\u00e9nyt tarthat az adott k\u00f6nyvt\u00e1r.<\/li>\n<li><strong>A szolg\u00e1ltat\u00e1s ingyenes.<\/strong><\/li>\n<\/ul>\n<p><img loading=\"lazy\" decoding=\"async\" class=\"size-medium wp-image-276 aligncenter\" src=\"http:\/\/filmpakk.csgyk.hu\/wp-content\/uploads\/2017\/12\/20171031_102846-300x300.jpg\" alt=\"\" width=\"300\" height=\"300\" \/><\/p>\n","protected":false},"excerpt":{"rendered":"<p>FilmPakk ig\u00e9nyl\u00e9s\u00e9t \u2013 amelyet a vet\u00edt\u00e9s el\u0151tt legal\u00e1bb 3 h\u00e9ttel kell leadni \u2013 a filmpakk@csgyk.hu e-mail c\u00edmen v\u00e1rjuk. A dokumentumok k\u00f6nnyen hordozhat\u00f3 m\u0171anyag dobozban sz\u00e1ll\u00edthat\u00f3ak. A k\u00f6lcs\u00f6nz\u00e9s\/let\u00e9tbe helyez\u00e9s ideje a kisz\u00e1ll\u00edt\u00e1s napj\u00e1t\u00f3l sz\u00e1m\u00edtott 5 h\u00e9t, amely \u00e1tad\u00e1s-\u00e1tv\u00e9teli jegyz\u0151k\u00f6nyv al\u00e1\u00edr\u00e1s\u00e1val t\u00f6rt\u00e9nik \u00e9s egyszeri alkalommal hosszabb\u00edthat\u00f3 a fenti e-mail c\u00edmre \u00edrt k\u00e9r\u00e9ssel. A visszav\u00e9telt a dobozok fedel\u00e9re [&hellip;]<\/p>\n","protected":false},"author":1,"featured_media":0,"parent":0,"menu_order":0,"comment_status":"closed","ping_status":"closed","template":"","meta":{"_acf_changed":false,"jetpack_post_was_ever_published":false,"footnotes":""},"class_list":["post-24","page","type-page","status-publish","hentry"],"acf":[],"jetpack_sharing_enabled":true,"jetpack_shortlink":"https:\/\/wp.me\/P9kJ1H-o","_links":{"self":[{"href":"https:\/\/filmpakk.csgyk.hu\/index.php\/wp-json\/wp\/v2\/pages\/24","targetHints":{"allow":["GET"]}}],"collection":[{"href":"https:\/\/filmpakk.csgyk.hu\/index.php\/wp-json\/wp\/v2\/pages"}],"about":[{"href":"https:\/\/filmpakk.csgyk.hu\/index.php\/wp-json\/wp\/v2\/types\/page"}],"author":[{"embeddable":true,"href":"https:\/\/filmpakk.csgyk.hu\/index.php\/wp-json\/wp\/v2\/users\/1"}],"replies":[{"embeddable":true,"href":"https:\/\/filmpakk.csgyk.hu\/index.php\/wp-json\/wp\/v2\/comments?post=24"}],"version-history":[{"count":11,"href":"https:\/\/filmpakk.csgyk.hu\/index.php\/wp-json\/wp\/v2\/pages\/24\/revisions"}],"predecessor-version":[{"id":469,"href":"https:\/\/filmpakk.csgyk.hu\/index.php\/wp-json\/wp\/v2\/pages\/24\/revisions\/469"}],"wp:attachment":[{"href":"https:\/\/filmpakk.csgyk.hu\/index.php\/wp-json\/wp\/v2\/media?parent=24"}],"curies":[{"name":"wp","href":"https:\/\/api.w.org\/{rel}","templated":true}]}}