{"id":26,"date":"2017-10-31T10:23:25","date_gmt":"2017-10-31T10:23:25","guid":{"rendered":"http:\/\/filmpakk.csgyk.hu\/?page_id=26"},"modified":"2018-01-08T14:13:43","modified_gmt":"2018-01-08T14:13:43","slug":"a-pakkok-tartalma","status":"publish","type":"page","link":"https:\/\/filmpakk.csgyk.hu\/index.php\/a-pakkok-tartalma\/","title":{"rendered":"A pakkok tartalma"},"content":{"rendered":"<p>A pakkok \u00e1tlagosan 5-20 dokumentumot tartalmaznak. Minden filmhez egy pakk \u00e1ll rendelkez\u00e9sre. A pakkokban tal\u00e1lhat\u00f3 \u00fatmutat\u00f3 f\u00fczet filmismertet\u0151t, a rendez\u0151, az \u00edr\u00f3 \u00e9s a f\u0151szerepl\u0151k \u00e9letrajzi adatait tartalmazza, valamint \u00e9rdekess\u00e9geket. A gyerekeknek sz\u00f3l\u00f3 mes\u00e9khez \u00e9s j\u00e1t\u00e9kfilmekhez kapcsol\u00f3d\u00f3an a felsoroltakon k\u00edv\u00fcl tippeket olvashatunk j\u00e1t\u00e9kok \u00e9s k\u00e9zm\u0171ves feladatok lebonyol\u00edt\u00e1s\u00e1hoz.<\/p>\n<p><strong>A pakkok tartalma:<\/strong><\/p>\n<ul>\n<li>\u00faj \u00e9s antikv\u00e1r k\u00f6nyvek<\/li>\n<li>oktat\u00e1si seg\u00e9dlet<\/li>\n<li>CD-k, DVD-k<\/li>\n<li>hangosk\u00f6nyvek<\/li>\n<li>diafilmek<\/li>\n<li>filmkritik\u00e1k\/irodalomkritik\u00e1k<\/li>\n<li>t\u00e1rsasj\u00e1t\u00e9kok<\/li>\n<li>sablonok<\/li>\n<li>kv\u00edz<\/li>\n<li>\u00fatmutat\u00f3 K\u00f6nyvt\u00e1rMozi foglalkoz\u00e1shoz<\/li>\n<li>el\u00e9gedetts\u00e9gi k\u00e9rd\u0151\u00edv<\/li>\n<li>dokumentum ellen\u0151rz\u0151 lista\n<p><img loading=\"lazy\" decoding=\"async\" class=\"alignnone wp-image-276 \" src=\"http:\/\/filmpakk.csgyk.hu\/wp-content\/uploads\/2017\/12\/20171031_102846-300x300.jpg\" alt=\"\" width=\"194\" height=\"194\" \/><img loading=\"lazy\" decoding=\"async\" class=\"alignnone wp-image-279\" src=\"http:\/\/filmpakk.csgyk.hu\/wp-content\/uploads\/2017\/12\/MG_3946-300x200.jpg\" alt=\"\" width=\"293\" height=\"195\" srcset=\"https:\/\/filmpakk.csgyk.hu\/wp-content\/uploads\/2017\/12\/MG_3946-300x200.jpg 300w, https:\/\/filmpakk.csgyk.hu\/wp-content\/uploads\/2017\/12\/MG_3946-768x512.jpg 768w, https:\/\/filmpakk.csgyk.hu\/wp-content\/uploads\/2017\/12\/MG_3946-800x533.jpg 800w, https:\/\/filmpakk.csgyk.hu\/wp-content\/uploads\/2017\/12\/MG_3946.jpg 1920w\" sizes=\"auto, (max-width: 293px) 100vw, 293px\" \/><\/li>\n<\/ul>\n","protected":false},"excerpt":{"rendered":"<p>A pakkok \u00e1tlagosan 5-20 dokumentumot tartalmaznak. Minden filmhez egy pakk \u00e1ll rendelkez\u00e9sre. A pakkokban tal\u00e1lhat\u00f3 \u00fatmutat\u00f3 f\u00fczet filmismertet\u0151t, a rendez\u0151, az \u00edr\u00f3 \u00e9s a f\u0151szerepl\u0151k \u00e9letrajzi adatait tartalmazza, valamint \u00e9rdekess\u00e9geket. A gyerekeknek sz\u00f3l\u00f3 mes\u00e9khez \u00e9s j\u00e1t\u00e9kfilmekhez kapcsol\u00f3d\u00f3an a felsoroltakon k\u00edv\u00fcl tippeket olvashatunk j\u00e1t\u00e9kok \u00e9s k\u00e9zm\u0171ves feladatok lebonyol\u00edt\u00e1s\u00e1hoz. A pakkok tartalma: \u00faj \u00e9s antikv\u00e1r k\u00f6nyvek oktat\u00e1si [&hellip;]<\/p>\n","protected":false},"author":1,"featured_media":0,"parent":0,"menu_order":0,"comment_status":"closed","ping_status":"closed","template":"","meta":{"_acf_changed":false,"jetpack_post_was_ever_published":false,"footnotes":""},"class_list":["post-26","page","type-page","status-publish","hentry"],"acf":[],"jetpack_sharing_enabled":true,"jetpack_shortlink":"https:\/\/wp.me\/P9kJ1H-q","_links":{"self":[{"href":"https:\/\/filmpakk.csgyk.hu\/index.php\/wp-json\/wp\/v2\/pages\/26","targetHints":{"allow":["GET"]}}],"collection":[{"href":"https:\/\/filmpakk.csgyk.hu\/index.php\/wp-json\/wp\/v2\/pages"}],"about":[{"href":"https:\/\/filmpakk.csgyk.hu\/index.php\/wp-json\/wp\/v2\/types\/page"}],"author":[{"embeddable":true,"href":"https:\/\/filmpakk.csgyk.hu\/index.php\/wp-json\/wp\/v2\/users\/1"}],"replies":[{"embeddable":true,"href":"https:\/\/filmpakk.csgyk.hu\/index.php\/wp-json\/wp\/v2\/comments?post=26"}],"version-history":[{"count":4,"href":"https:\/\/filmpakk.csgyk.hu\/index.php\/wp-json\/wp\/v2\/pages\/26\/revisions"}],"predecessor-version":[{"id":280,"href":"https:\/\/filmpakk.csgyk.hu\/index.php\/wp-json\/wp\/v2\/pages\/26\/revisions\/280"}],"wp:attachment":[{"href":"https:\/\/filmpakk.csgyk.hu\/index.php\/wp-json\/wp\/v2\/media?parent=26"}],"curies":[{"name":"wp","href":"https:\/\/api.w.org\/{rel}","templated":true}]}}