{"id":28,"date":"2017-10-31T10:25:21","date_gmt":"2017-10-31T10:25:21","guid":{"rendered":"http:\/\/filmpakk.csgyk.hu\/?page_id=28"},"modified":"2019-06-26T12:44:35","modified_gmt":"2019-06-26T12:44:35","slug":"gyerkeknek-szolo-filmpakkok","status":"publish","type":"page","link":"https:\/\/filmpakk.csgyk.hu\/index.php\/gyerkeknek-szolo-filmpakkok\/","title":{"rendered":"Gyerekeknek sz\u00f3l\u00f3 FilmPakkok"},"content":{"rendered":"<p>K\u00f6nyvt\u00e1runk koll\u00e9g\u00e1i sz\u00edvesen v\u00e1llalj\u00e1k a pakkokhoz tartoz\u00f3 foglalkoz\u00e1sok megtart\u00e1s\u00e1t.<\/p>\n<p><strong>\u00d3vod\u00e1soknak aj\u00e1nlott:<\/strong><\/p>\n<ul>\n<li><a href=\"http:\/\/filmpakk.csgyk.hu\/index.php\/jankovics-marcell-magyar-nepmesek\/\" target=\"_blank\" rel=\"noopener\">Jankovics Marcell: <strong>Magyar n\u00e9pmes\u00e9k<\/strong><\/a><\/li>\n<li><a href=\"http:\/\/filmpakk.csgyk.hu\/index.php\/richly-zsolt-a-fecske-meg-a-szalmaszal\/\" target=\"_blank\" rel=\"noopener\">Richly Zsolt: <strong>A fecske meg a szalmasz\u00e1l<br \/>\n<\/strong>Kormos Istv\u00e1n azonos c\u00edm\u0171 m\u0171ve alapj\u00e1n<\/a><\/li>\n<li><a href=\"https:\/\/wp.me\/p9kJ1H-7k\">Richly Zsolt: <strong>A hetvenked\u0151 s\u00fcn<br \/>\n<\/strong>Kormos Istv\u00e1n azonos c\u00edm\u0171 m\u0171ve alapj\u00e1n<\/a><\/li>\n<li><a href=\"http:\/\/filmpakk.csgyk.hu\/index.php\/richly-zsolt-a-kevely-kiskakas-kormos-istvan-azonos-cimu-muve-alapjan\/\" target=\"_blank\" rel=\"noopener\">Richly Zsolt: <strong>A kev\u00e9ly kiskakas<br \/>\n<\/strong>Kormos Istv\u00e1n azonos c\u00edm\u0171 m\u0171ve alapj\u00e1n<\/a><\/li>\n<li><a href=\"https:\/\/wp.me\/p9kJ1H-31\" target=\"_blank\" rel=\"noopener\">Szab\u00f3 Szabolcs, Haui J\u00f3zsef, Szombati Szab\u00f3 Csaba: <strong>V\u00edzip\u00f3k-csodap\u00f3k<\/strong><\/a><\/li>\n<\/ul>\n<p>&nbsp;<\/p>\n<p><strong>Iskol\u00e1soknak aj\u00e1nlott:<\/strong><\/p>\n<ul>\n<li><a href=\"http:\/\/filmpakk.csgyk.hu\/index.php\/ban-frigyes-szent-peter-esernyoje\/\" target=\"_blank\" rel=\"noopener\">B\u00e1n Frigyes: <strong>Szent P\u00e9ter eserny\u0151je<br \/>\n<\/strong>Miksz\u00e1th K\u00e1lm\u00e1n azonos c\u00edm\u0171 m\u0171ve alapj\u00e1n<\/a><\/li>\n<li><a href=\"http:\/\/filmpakk.csgyk.hu\/index.php\/fabri-zoltan-a-pal-utcai-fiuk\/\" target=\"_blank\" rel=\"noopener\">F\u00e1bri Zolt\u00e1n: <strong>A P\u00e1l utcai fi\u00fak<br \/>\n<\/strong>Moln\u00e1r Ferenc azonos c\u00edm\u0171 m\u0171ve alapj\u00e1n<\/a><\/li>\n<li><a href=\"http:\/\/filmpakk.csgyk.hu\/index.php\/gemes-jozsef-a-walesi-bardok\/\" target=\"_blank\" rel=\"noopener\">G\u00e9mes J\u00f3zsef: <strong>A walesi b\u00e1rdok<br \/>\n<\/strong>Arany J\u00e1nos azonos c\u00edm\u0171 m\u0171ve alapj\u00e1n<\/a><\/li>\n<li><a href=\"https:\/\/wp.me\/p9kJ1H-7o\" target=\"_blank\" rel=\"noopener\">Horv\u00e1th M\u00e1ria: <strong>Mes\u00e9l a k\u0151<\/strong><\/a><\/li>\n<li><a href=\"https:\/\/wp.me\/p9kJ1H-7u\" target=\"_blank\" rel=\"noopener\">Horv\u00e1th M\u00e1ria: <strong>Sz\u00f6rnyeteg Lajos jaj de \u00e1lmos<br \/>\n<\/strong>L\u00e1z\u00e1r Ervin azonos c\u00edm\u0171 m\u0171ve alapj\u00e1n<\/a><\/li>\n<li><a href=\"http:\/\/filmpakk.csgyk.hu\/index.php\/horvath-maria-vacskamati-viragja\/\" target=\"_blank\" rel=\"noopener\">Horv\u00e1th M\u00e1ria: <strong>Vacskamati vir\u00e1gja<br \/>\n<\/strong>L\u00e1z\u00e1r Ervin azonos c\u00edm\u0171 m\u0171ve alapj\u00e1n<\/a><\/li>\n<li><a href=\"https:\/\/wp.me\/p9kJ1H-7r\" target=\"_blank\" rel=\"noopener\">Jankovics Marcell: <strong>Mond\u00e1k a magyar t\u00f6rt\u00e9nelemb\u0151l<\/strong><\/a><\/li>\n<li><a href=\"http:\/\/filmpakk.csgyk.hu\/index.php\/kiss-andrea-a-hazudos-eger\/\" target=\"_blank\" rel=\"noopener\">Kiss Andrea: <strong>A hazud\u00f3s eg\u00e9r<br \/>\n<\/strong>L\u00e1z\u00e1r Ervin azonos c\u00edm\u0171 m\u0171ve alapj\u00e1n<\/a><\/li>\n<li><a href=\"https:\/\/wp.me\/p9kJ1H-7h\" target=\"_blank\" rel=\"noopener\">Neuberger Gizella: <strong>Rege a csodaszarvasr\u00f3l<br \/>\n<\/strong>Arany J\u00e1nos azonos c\u00edm\u0171 m\u0171ve alapj\u00e1n<\/a><\/li>\n<li><a href=\"https:\/\/wp.me\/p9kJ1H-7e\" target=\"_blank\" rel=\"noopener\">Szoboszlay Eszter: <strong>Boltosmes\u00e9k<br \/>\n<\/strong>Mosonyi Aliz azonos c\u00edm\u0171 m\u0171ve alapj\u00e1n<\/a><\/li>\n<li><a href=\"https:\/\/wp.me\/p9kJ1H-7a\" target=\"_blank\" rel=\"noopener\">Ujv\u00e1ry L\u00e1szl\u00f3: <strong>Mes\u00e9k M\u00e1ty\u00e1s kir\u00e1lyr\u00f3l<\/strong><\/a><\/li>\n<\/ul>\n","protected":false},"excerpt":{"rendered":"<p>K\u00f6nyvt\u00e1runk koll\u00e9g\u00e1i sz\u00edvesen v\u00e1llalj\u00e1k a pakkokhoz tartoz\u00f3 foglalkoz\u00e1sok megtart\u00e1s\u00e1t. \u00d3vod\u00e1soknak aj\u00e1nlott: Jankovics Marcell: Magyar n\u00e9pmes\u00e9k Richly Zsolt: A fecske meg a szalmasz\u00e1l Kormos Istv\u00e1n azonos c\u00edm\u0171 m\u0171ve alapj\u00e1n Richly Zsolt: A hetvenked\u0151 s\u00fcn Kormos Istv\u00e1n azonos c\u00edm\u0171 m\u0171ve alapj\u00e1n Richly Zsolt: A kev\u00e9ly kiskakas Kormos Istv\u00e1n azonos c\u00edm\u0171 m\u0171ve alapj\u00e1n Szab\u00f3 Szabolcs, Haui J\u00f3zsef, Szombati [&hellip;]<\/p>\n","protected":false},"author":1,"featured_media":0,"parent":0,"menu_order":0,"comment_status":"closed","ping_status":"closed","template":"","meta":{"_acf_changed":false,"jetpack_post_was_ever_published":false,"footnotes":""},"class_list":["post-28","page","type-page","status-publish","hentry"],"acf":[],"jetpack_sharing_enabled":true,"jetpack_shortlink":"https:\/\/wp.me\/P9kJ1H-s","_links":{"self":[{"href":"https:\/\/filmpakk.csgyk.hu\/index.php\/wp-json\/wp\/v2\/pages\/28","targetHints":{"allow":["GET"]}}],"collection":[{"href":"https:\/\/filmpakk.csgyk.hu\/index.php\/wp-json\/wp\/v2\/pages"}],"about":[{"href":"https:\/\/filmpakk.csgyk.hu\/index.php\/wp-json\/wp\/v2\/types\/page"}],"author":[{"embeddable":true,"href":"https:\/\/filmpakk.csgyk.hu\/index.php\/wp-json\/wp\/v2\/users\/1"}],"replies":[{"embeddable":true,"href":"https:\/\/filmpakk.csgyk.hu\/index.php\/wp-json\/wp\/v2\/comments?post=28"}],"version-history":[{"count":30,"href":"https:\/\/filmpakk.csgyk.hu\/index.php\/wp-json\/wp\/v2\/pages\/28\/revisions"}],"predecessor-version":[{"id":472,"href":"https:\/\/filmpakk.csgyk.hu\/index.php\/wp-json\/wp\/v2\/pages\/28\/revisions\/472"}],"wp:attachment":[{"href":"https:\/\/filmpakk.csgyk.hu\/index.php\/wp-json\/wp\/v2\/media?parent=28"}],"curies":[{"name":"wp","href":"https:\/\/api.w.org\/{rel}","templated":true}]}}